{"id":983,"date":"2020-05-26T19:55:34","date_gmt":"2020-05-26T17:55:34","guid":{"rendered":"http:\/\/lukaskywalkerin.com\/?page_id=983"},"modified":"2020-07-08T13:41:02","modified_gmt":"2020-07-08T11:41:02","slug":"erfahrungen","status":"publish","type":"page","link":"https:\/\/lukaskywalkerin.com\/en\/erfahrungen","title":{"rendered":"Practical experience"},"content":{"rendered":"<div data-elementor-type=\"wp-page\" data-elementor-id=\"983\" class=\"elementor elementor-983\">\n\t\t\t\t\t\t<section class=\"elementor-section elementor-top-section elementor-element elementor-element-943980d elementor-section-boxed elementor-section-height-default elementor-section-height-default\" data-id=\"943980d\" data-element_type=\"section\" data-e-type=\"section\" data-settings=\"{&quot;background_background&quot;:&quot;classic&quot;}\">\n\t\t\t\t\t\t\t<div class=\"elementor-background-overlay\"><\/div>\n\t\t\t\t\t\t\t<div class=\"elementor-container elementor-column-gap-default\">\n\t\t\t\t\t<div class=\"elementor-column elementor-col-100 elementor-top-column elementor-element elementor-element-f2aab5d\" data-id=\"f2aab5d\" data-element_type=\"column\" data-e-type=\"column\">\n\t\t\t<div class=\"elementor-widget-wrap elementor-element-populated\">\n\t\t\t\t\t\t<div class=\"elementor-element elementor-element-d723a12 elementor-widget elementor-widget-spacer\" data-id=\"d723a12\" data-element_type=\"widget\" data-e-type=\"widget\" data-widget_type=\"spacer.default\">\n\t\t\t\t<div class=\"elementor-widget-container\">\n\t\t\t\t\t\t\t<div class=\"elementor-spacer\">\n\t\t\t<div class=\"elementor-spacer-inner\"><\/div>\n\t\t<\/div>\n\t\t\t\t\t\t<\/div>\n\t\t\t\t<\/div>\n\t\t\t\t<div class=\"elementor-element elementor-element-fb045a1 elementor-widget elementor-widget-heading\" data-id=\"fb045a1\" data-element_type=\"widget\" data-e-type=\"widget\" data-widget_type=\"heading.default\">\n\t\t\t\t<div class=\"elementor-widget-container\">\n\t\t\t\t\t<h2 class=\"elementor-heading-title elementor-size-default\"><h2 class=\"elementor-heading-title elementor-size-large elementor-inline-editing pen translation-block\" data-elementor-setting-key=\"title\" data-pen-placeholder=\"Eingabe hier...\">Quotes and Experiences <br>with Feldenkrais<\/h2><\/h2>\t\t\t\t<\/div>\n\t\t\t\t<\/div>\n\t\t\t\t<div class=\"elementor-element elementor-element-585dfc1 elementor-widget elementor-widget-spacer\" data-id=\"585dfc1\" data-element_type=\"widget\" data-e-type=\"widget\" data-widget_type=\"spacer.default\">\n\t\t\t\t<div class=\"elementor-widget-container\">\n\t\t\t\t\t\t\t<div class=\"elementor-spacer\">\n\t\t\t<div class=\"elementor-spacer-inner\"><\/div>\n\t\t<\/div>\n\t\t\t\t\t\t<\/div>\n\t\t\t\t<\/div>\n\t\t\t\t<section class=\"elementor-section elementor-inner-section elementor-element elementor-element-ce22df4 elementor-section-boxed elementor-section-height-default elementor-section-height-default\" data-id=\"ce22df4\" data-element_type=\"section\" data-e-type=\"section\" data-settings=\"{&quot;background_background&quot;:&quot;classic&quot;}\">\n\t\t\t\t\t\t<div class=\"elementor-container elementor-column-gap-default\">\n\t\t\t\t\t<div class=\"elementor-column elementor-col-50 elementor-inner-column elementor-element elementor-element-78bd99d\" data-id=\"78bd99d\" data-element_type=\"column\" data-e-type=\"column\">\n\t\t\t<div class=\"elementor-widget-wrap elementor-element-populated\">\n\t\t\t\t\t\t<div class=\"elementor-element elementor-element-9de40f6 elementor-widget elementor-widget-text-editor\" data-id=\"9de40f6\" data-element_type=\"widget\" data-e-type=\"widget\" data-widget_type=\"text-editor.default\">\n\t\t\t\t<div class=\"elementor-widget-container\">\n\t\t\t\t\t\t\t\t\t<p style=\"text-align: center;\"><span lang=\"EN-US\" style=\"font-size: 14pt;\">\u201eFeldenkrais is about <br \/>your nervous system and <br \/>gravity becoming friends.\u201c<\/span><\/p>\t\t\t\t\t\t\t\t<\/div>\n\t\t\t\t<\/div>\n\t\t\t\t<div class=\"elementor-element elementor-element-5922e28 elementor-widget-divider--view-line elementor-widget elementor-widget-divider\" data-id=\"5922e28\" data-element_type=\"widget\" data-e-type=\"widget\" data-widget_type=\"divider.default\">\n\t\t\t\t<div class=\"elementor-widget-container\">\n\t\t\t\t\t\t\t<div class=\"elementor-divider\">\n\t\t\t<span class=\"elementor-divider-separator\">\n\t\t\t\t\t\t<\/span>\n\t\t<\/div>\n\t\t\t\t\t\t<\/div>\n\t\t\t\t<\/div>\n\t\t\t\t<div class=\"elementor-element elementor-element-f5b91e6 elementor-widget elementor-widget-text-editor\" data-id=\"f5b91e6\" data-element_type=\"widget\" data-e-type=\"widget\" data-widget_type=\"text-editor.default\">\n\t\t\t\t<div class=\"elementor-widget-container\">\n\t\t\t\t\t\t\t\t\t<p style=\"text-align: center;\" class=\"translation-block\"><span style=\"font-size: 14pt\">\u201eI learnt to feel my body <br>from head to toe, <br>and realized how wonderful it is <br>to move freely and without pain.\"<\/p>\t\t\t\t\t\t\t\t<\/div>\n\t\t\t\t<\/div>\n\t\t\t\t<div class=\"elementor-element elementor-element-83521be elementor-widget-divider--view-line elementor-widget elementor-widget-divider\" data-id=\"83521be\" data-element_type=\"widget\" data-e-type=\"widget\" data-widget_type=\"divider.default\">\n\t\t\t\t<div class=\"elementor-widget-container\">\n\t\t\t\t\t\t\t<div class=\"elementor-divider\">\n\t\t\t<span class=\"elementor-divider-separator\">\n\t\t\t\t\t\t<\/span>\n\t\t<\/div>\n\t\t\t\t\t\t<\/div>\n\t\t\t\t<\/div>\n\t\t\t\t<div class=\"elementor-element elementor-element-bc013fb elementor-widget elementor-widget-text-editor\" data-id=\"bc013fb\" data-element_type=\"widget\" data-e-type=\"widget\" data-widget_type=\"text-editor.default\">\n\t\t\t\t<div class=\"elementor-widget-container\">\n\t\t\t\t\t\t\t\t\t<p style=\"text-align: center;\" class=\"translation-block\"><span style=\"font-size: 14pt\">\u201eDo it in your own time and in your own way\u201d <br>this sentence opened so many doors.\u201c<\/p>\t\t\t\t\t\t\t\t<\/div>\n\t\t\t\t<\/div>\n\t\t\t\t<div class=\"elementor-element elementor-element-45135e3 elementor-widget-divider--view-line elementor-widget elementor-widget-divider\" data-id=\"45135e3\" data-element_type=\"widget\" data-e-type=\"widget\" data-widget_type=\"divider.default\">\n\t\t\t\t<div class=\"elementor-widget-container\">\n\t\t\t\t\t\t\t<div class=\"elementor-divider\">\n\t\t\t<span class=\"elementor-divider-separator\">\n\t\t\t\t\t\t<\/span>\n\t\t<\/div>\n\t\t\t\t\t\t<\/div>\n\t\t\t\t<\/div>\n\t\t\t\t<div class=\"elementor-element elementor-element-cc34bf1 elementor-widget elementor-widget-text-editor\" data-id=\"cc34bf1\" data-element_type=\"widget\" data-e-type=\"widget\" data-widget_type=\"text-editor.default\">\n\t\t\t\t<div class=\"elementor-widget-container\">\n\t\t\t\t\t\t\t\t\t<p style=\"text-align: center;\" class=\"translation-block\"><span style=\"font-size: 14pt\">\u201eI totally love that Feldenkrais <br>is not connected with any ideology. <br>I can lie down on the mat <br>with all my western scepticsm <br>and do as I am told.\u201c<\/p>\t\t\t\t\t\t\t\t<\/div>\n\t\t\t\t<\/div>\n\t\t\t\t<div class=\"elementor-element elementor-element-7e0846e elementor-widget-divider--view-line elementor-widget elementor-widget-divider\" data-id=\"7e0846e\" data-element_type=\"widget\" data-e-type=\"widget\" data-widget_type=\"divider.default\">\n\t\t\t\t<div class=\"elementor-widget-container\">\n\t\t\t\t\t\t\t<div class=\"elementor-divider\">\n\t\t\t<span class=\"elementor-divider-separator\">\n\t\t\t\t\t\t<\/span>\n\t\t<\/div>\n\t\t\t\t\t\t<\/div>\n\t\t\t\t<\/div>\n\t\t\t\t\t<\/div>\n\t\t<\/div>\n\t\t\t\t<div class=\"elementor-column elementor-col-50 elementor-inner-column elementor-element elementor-element-f3dcba7\" data-id=\"f3dcba7\" data-element_type=\"column\" data-e-type=\"column\">\n\t\t\t<div class=\"elementor-widget-wrap elementor-element-populated\">\n\t\t\t\t\t\t<div class=\"elementor-element elementor-element-13a29a4 elementor-widget elementor-widget-text-editor\" data-id=\"13a29a4\" data-element_type=\"widget\" data-e-type=\"widget\" data-widget_type=\"text-editor.default\">\n\t\t\t\t<div class=\"elementor-widget-container\">\n\t\t\t\t\t\t\t\t\t<p style=\"text-align: center;\" class=\"translation-block\"><span style=\"font-size: 14pt\">\u201eBefore I started <br>doing Feldenkrais <br>I had a very incomplete <br>picture of myself.\"<\/p>\t\t\t\t\t\t\t\t<\/div>\n\t\t\t\t<\/div>\n\t\t\t\t<div class=\"elementor-element elementor-element-30363b7 elementor-widget-divider--view-line elementor-widget elementor-widget-divider\" data-id=\"30363b7\" data-element_type=\"widget\" data-e-type=\"widget\" data-widget_type=\"divider.default\">\n\t\t\t\t<div class=\"elementor-widget-container\">\n\t\t\t\t\t\t\t<div class=\"elementor-divider\">\n\t\t\t<span class=\"elementor-divider-separator\">\n\t\t\t\t\t\t<\/span>\n\t\t<\/div>\n\t\t\t\t\t\t<\/div>\n\t\t\t\t<\/div>\n\t\t\t\t<div class=\"elementor-element elementor-element-f716144 elementor-widget elementor-widget-text-editor\" data-id=\"f716144\" data-element_type=\"widget\" data-e-type=\"widget\" data-widget_type=\"text-editor.default\">\n\t\t\t\t<div class=\"elementor-widget-container\">\n\t\t\t\t\t\t\t\t\t<p style=\"text-align: center;\" class=\"translation-block\"><span style=\"font-size: 14pt\">\u201eThe loving treatment of myself <br>has also resulted in a more loving treatment <br>of others.\"<\/p>\t\t\t\t\t\t\t\t<\/div>\n\t\t\t\t<\/div>\n\t\t\t\t<div class=\"elementor-element elementor-element-9c3ea4d elementor-widget-divider--view-line elementor-widget elementor-widget-divider\" data-id=\"9c3ea4d\" data-element_type=\"widget\" data-e-type=\"widget\" data-widget_type=\"divider.default\">\n\t\t\t\t<div class=\"elementor-widget-container\">\n\t\t\t\t\t\t\t<div class=\"elementor-divider\">\n\t\t\t<span class=\"elementor-divider-separator\">\n\t\t\t\t\t\t<\/span>\n\t\t<\/div>\n\t\t\t\t\t\t<\/div>\n\t\t\t\t<\/div>\n\t\t\t\t<div class=\"elementor-element elementor-element-f9aeaec elementor-widget elementor-widget-text-editor\" data-id=\"f9aeaec\" data-element_type=\"widget\" data-e-type=\"widget\" data-widget_type=\"text-editor.default\">\n\t\t\t\t<div class=\"elementor-widget-container\">\n\t\t\t\t\t\t\t\t\t<p style=\"text-align: center;\" class=\"translation-block\"><span style=\"font-size: 14pt\">\u201eWho can say about themselves <br>that they\u2019ve becomes more agile in old age, <br>when others have to struggle <br>with stiffness and immobility?\"<\/p>\t\t\t\t\t\t\t\t<\/div>\n\t\t\t\t<\/div>\n\t\t\t\t<div class=\"elementor-element elementor-element-8021e26 elementor-widget-divider--view-line elementor-widget elementor-widget-divider\" data-id=\"8021e26\" data-element_type=\"widget\" data-e-type=\"widget\" data-widget_type=\"divider.default\">\n\t\t\t\t<div class=\"elementor-widget-container\">\n\t\t\t\t\t\t\t<div class=\"elementor-divider\">\n\t\t\t<span class=\"elementor-divider-separator\">\n\t\t\t\t\t\t<\/span>\n\t\t<\/div>\n\t\t\t\t\t\t<\/div>\n\t\t\t\t<\/div>\n\t\t\t\t<div class=\"elementor-element elementor-element-fc93354 elementor-widget elementor-widget-text-editor\" data-id=\"fc93354\" data-element_type=\"widget\" data-e-type=\"widget\" data-widget_type=\"text-editor.default\">\n\t\t\t\t<div class=\"elementor-widget-container\">\n\t\t\t\t\t\t\t\t\t<p style=\"text-align: center;\" class=\"translation-block\"><span style=\"font-size: 14pt\">\u201eI can now decide much better <br>what is good for me <br>and what is not.\"<\/p>\t\t\t\t\t\t\t\t<\/div>\n\t\t\t\t<\/div>\n\t\t\t\t<div class=\"elementor-element elementor-element-53cf184 elementor-widget-divider--view-line elementor-widget elementor-widget-divider\" data-id=\"53cf184\" data-element_type=\"widget\" data-e-type=\"widget\" data-widget_type=\"divider.default\">\n\t\t\t\t<div class=\"elementor-widget-container\">\n\t\t\t\t\t\t\t<div class=\"elementor-divider\">\n\t\t\t<span class=\"elementor-divider-separator\">\n\t\t\t\t\t\t<\/span>\n\t\t<\/div>\n\t\t\t\t\t\t<\/div>\n\t\t\t\t<\/div>\n\t\t\t\t\t<\/div>\n\t\t<\/div>\n\t\t\t\t\t<\/div>\n\t\t<\/section>\n\t\t\t\t<div class=\"elementor-element elementor-element-a60be5b elementor-widget elementor-widget-spacer\" data-id=\"a60be5b\" data-element_type=\"widget\" data-e-type=\"widget\" data-widget_type=\"spacer.default\">\n\t\t\t\t<div class=\"elementor-widget-container\">\n\t\t\t\t\t\t\t<div class=\"elementor-spacer\">\n\t\t\t<div class=\"elementor-spacer-inner\"><\/div>\n\t\t<\/div>\n\t\t\t\t\t\t<\/div>\n\t\t\t\t<\/div>\n\t\t\t\t\t<\/div>\n\t\t<\/div>\n\t\t\t\t\t<\/div>\n\t\t<\/section>\n\t\t\t\t<\/div>","protected":false},"excerpt":{"rendered":"<p>Erfahrungen von Menschen, die Feldenkrais machen \u201eFeldenkrais is about your nervous system and gravity becoming friends.\u201c \u201eIch lerne meinen K\u00f6rper von Kopf bis Fu\u00df zu sp\u00fcren und merke, wie angenehm es ist, sich leicht und schmerzfrei zu bewegen.\u201c \u201eMach es in deiner Zeit und auf deine Art.\u201c Dieser Satz hat mir gro\u00dfe Freir\u00e4ume gegeben.\u201c &nbsp;\u201eIch [&hellip;]<\/p>\n","protected":false},"author":1,"featured_media":0,"parent":0,"menu_order":0,"comment_status":"closed","ping_status":"closed","template":"elementor_header_footer","meta":{"ocean_post_layout":"","ocean_both_sidebars_style":"","ocean_both_sidebars_content_width":0,"ocean_both_sidebars_sidebars_width":0,"ocean_sidebar":"0","ocean_second_sidebar":"0","ocean_disable_margins":"enable","ocean_add_body_class":"","ocean_shortcode_before_top_bar":"","ocean_shortcode_after_top_bar":"","ocean_shortcode_before_header":"","ocean_shortcode_after_header":"","ocean_has_shortcode":"","ocean_shortcode_after_title":"","ocean_shortcode_before_footer_widgets":"","ocean_shortcode_after_footer_widgets":"","ocean_shortcode_before_footer_bottom":"","ocean_shortcode_after_footer_bottom":"","ocean_display_top_bar":"default","ocean_display_header":"default","ocean_header_style":"","ocean_center_header_left_menu":"0","ocean_custom_header_template":"0","ocean_custom_logo":0,"ocean_custom_retina_logo":0,"ocean_custom_logo_max_width":0,"ocean_custom_logo_tablet_max_width":0,"ocean_custom_logo_mobile_max_width":0,"ocean_custom_logo_max_height":0,"ocean_custom_logo_tablet_max_height":0,"ocean_custom_logo_mobile_max_height":0,"ocean_header_custom_menu":"0","ocean_menu_typo_font_family":"0","ocean_menu_typo_font_subset":"","ocean_menu_typo_font_size":0,"ocean_menu_typo_font_size_tablet":0,"ocean_menu_typo_font_size_mobile":0,"ocean_menu_typo_font_size_unit":"px","ocean_menu_typo_font_weight":"","ocean_menu_typo_font_weight_tablet":"","ocean_menu_typo_font_weight_mobile":"","ocean_menu_typo_transform":"","ocean_menu_typo_transform_tablet":"","ocean_menu_typo_transform_mobile":"","ocean_menu_typo_line_height":0,"ocean_menu_typo_line_height_tablet":0,"ocean_menu_typo_line_height_mobile":0,"ocean_menu_typo_line_height_unit":"","ocean_menu_typo_spacing":0,"ocean_menu_typo_spacing_tablet":0,"ocean_menu_typo_spacing_mobile":0,"ocean_menu_typo_spacing_unit":"","ocean_menu_link_color":"","ocean_menu_link_color_hover":"","ocean_menu_link_color_active":"","ocean_menu_link_background":"","ocean_menu_link_hover_background":"","ocean_menu_link_active_background":"","ocean_menu_social_links_bg":"","ocean_menu_social_hover_links_bg":"","ocean_menu_social_links_color":"","ocean_menu_social_hover_links_color":"","ocean_disable_title":"default","ocean_disable_heading":"default","ocean_post_title":"","ocean_post_subheading":"","ocean_post_title_style":"","ocean_post_title_background_color":"","ocean_post_title_background":0,"ocean_post_title_bg_image_position":"","ocean_post_title_bg_image_attachment":"","ocean_post_title_bg_image_repeat":"","ocean_post_title_bg_image_size":"","ocean_post_title_height":0,"ocean_post_title_bg_overlay":0.5,"ocean_post_title_bg_overlay_color":"","ocean_disable_breadcrumbs":"default","ocean_breadcrumbs_color":"","ocean_breadcrumbs_separator_color":"","ocean_breadcrumbs_links_color":"","ocean_breadcrumbs_links_hover_color":"","ocean_display_footer_widgets":"default","ocean_display_footer_bottom":"default","ocean_custom_footer_template":"0","footnotes":""},"class_list":["post-983","page","type-page","status-publish","hentry","entry"],"yoast_head":"<!-- This site is optimized with the Yoast SEO plugin v27.5 - https:\/\/yoast.com\/product\/yoast-seo-wordpress\/ -->\n<title>Erfahrungen - Luka Skywalkerin<\/title>\n<meta name=\"description\" content=\"Erfahrungen von Menschen, die Feldenkrais machen.\" \/>\n<meta name=\"robots\" content=\"index, follow, max-snippet:-1, max-image-preview:large, max-video-preview:-1\" \/>\n<link rel=\"canonical\" href=\"https:\/\/lukaskywalkerin.com\/en\/erfahrungen\" \/>\n<meta property=\"og:locale\" content=\"en_US\" \/>\n<meta property=\"og:type\" content=\"article\" \/>\n<meta property=\"og:title\" content=\"Erfahrungen - Luka Skywalkerin\" \/>\n<meta property=\"og:description\" content=\"Erfahrungen von Menschen, die Feldenkrais machen.\" \/>\n<meta property=\"og:url\" content=\"https:\/\/lukaskywalkerin.com\/en\/erfahrungen\" \/>\n<meta property=\"og:site_name\" content=\"Luka Skywalkerin\" \/>\n<meta property=\"article:modified_time\" content=\"2020-07-08T11:41:02+00:00\" \/>\n<meta name=\"twitter:card\" content=\"summary_large_image\" \/>\n<meta name=\"twitter:label1\" content=\"Est. reading time\" \/>\n\t<meta name=\"twitter:data1\" content=\"1 minute\" \/>\n<script type=\"application\/ld+json\" class=\"yoast-schema-graph\">{\"@context\":\"https:\\\/\\\/schema.org\",\"@graph\":[{\"@type\":\"WebPage\",\"@id\":\"https:\\\/\\\/lukaskywalkerin.com\\\/en\\\/erfahrungen\",\"url\":\"https:\\\/\\\/lukaskywalkerin.com\\\/en\\\/erfahrungen\",\"name\":\"Erfahrungen - Luka Skywalkerin\",\"isPartOf\":{\"@id\":\"https:\\\/\\\/lukaskywalkerin.com\\\/#website\"},\"datePublished\":\"2020-05-26T17:55:34+00:00\",\"dateModified\":\"2020-07-08T11:41:02+00:00\",\"description\":\"Erfahrungen von Menschen, die Feldenkrais machen.\",\"breadcrumb\":{\"@id\":\"https:\\\/\\\/lukaskywalkerin.com\\\/en\\\/erfahrungen#breadcrumb\"},\"inLanguage\":\"en-US\",\"potentialAction\":[{\"@type\":\"ReadAction\",\"target\":[\"https:\\\/\\\/lukaskywalkerin.com\\\/en\\\/erfahrungen\"]}]},{\"@type\":\"BreadcrumbList\",\"@id\":\"https:\\\/\\\/lukaskywalkerin.com\\\/en\\\/erfahrungen#breadcrumb\",\"itemListElement\":[{\"@type\":\"ListItem\",\"position\":1,\"name\":\"Startseite\",\"item\":\"https:\\\/\\\/lukaskywalkerin.com\\\/\"},{\"@type\":\"ListItem\",\"position\":2,\"name\":\"Erfahrungen\"}]},{\"@type\":\"WebSite\",\"@id\":\"https:\\\/\\\/lukaskywalkerin.com\\\/#website\",\"url\":\"https:\\\/\\\/lukaskywalkerin.com\\\/\",\"name\":\"Luka Skywalkerin\",\"description\":\"Feldenkraislehrerin\",\"publisher\":{\"@id\":\"https:\\\/\\\/lukaskywalkerin.com\\\/#\\\/schema\\\/person\\\/7f0106e1e38e545464bea9b79db36334\"},\"potentialAction\":[{\"@type\":\"SearchAction\",\"target\":{\"@type\":\"EntryPoint\",\"urlTemplate\":\"https:\\\/\\\/lukaskywalkerin.com\\\/?s={search_term_string}\"},\"query-input\":{\"@type\":\"PropertyValueSpecification\",\"valueRequired\":true,\"valueName\":\"search_term_string\"}}],\"inLanguage\":\"en-US\"},{\"@type\":[\"Person\",\"Organization\"],\"@id\":\"https:\\\/\\\/lukaskywalkerin.com\\\/#\\\/schema\\\/person\\\/7f0106e1e38e545464bea9b79db36334\",\"name\":\"Luka Skywalkerin\",\"image\":{\"@type\":\"ImageObject\",\"inLanguage\":\"en-US\",\"@id\":\"https:\\\/\\\/lukaskywalkerin.com\\\/wp-content\\\/uploads\\\/2020\\\/06\\\/LukaSkywalkerin-plus-Feldenkraislogo_3_300px.png\",\"url\":\"https:\\\/\\\/lukaskywalkerin.com\\\/wp-content\\\/uploads\\\/2020\\\/06\\\/LukaSkywalkerin-plus-Feldenkraislogo_3_300px.png\",\"contentUrl\":\"https:\\\/\\\/lukaskywalkerin.com\\\/wp-content\\\/uploads\\\/2020\\\/06\\\/LukaSkywalkerin-plus-Feldenkraislogo_3_300px.png\",\"width\":300,\"height\":75,\"caption\":\"Luka Skywalkerin\"},\"logo\":{\"@id\":\"https:\\\/\\\/lukaskywalkerin.com\\\/wp-content\\\/uploads\\\/2020\\\/06\\\/LukaSkywalkerin-plus-Feldenkraislogo_3_300px.png\"},\"sameAs\":[\"https:\\\/\\\/lukaskywalkerin.com\"]}]}<\/script>\n<!-- \/ Yoast SEO plugin. -->","yoast_head_json":{"title":"Erfahrungen - Luka Skywalkerin","description":"Erfahrungen von Menschen, die Feldenkrais machen.","robots":{"index":"index","follow":"follow","max-snippet":"max-snippet:-1","max-image-preview":"max-image-preview:large","max-video-preview":"max-video-preview:-1"},"canonical":"https:\/\/lukaskywalkerin.com\/en\/erfahrungen","og_locale":"en_US","og_type":"article","og_title":"Erfahrungen - Luka Skywalkerin","og_description":"Erfahrungen von Menschen, die Feldenkrais machen.","og_url":"https:\/\/lukaskywalkerin.com\/en\/erfahrungen","og_site_name":"Luka Skywalkerin","article_modified_time":"2020-07-08T11:41:02+00:00","twitter_card":"summary_large_image","twitter_misc":{"Est. reading time":"1 minute"},"schema":{"@context":"https:\/\/schema.org","@graph":[{"@type":"WebPage","@id":"https:\/\/lukaskywalkerin.com\/en\/erfahrungen","url":"https:\/\/lukaskywalkerin.com\/en\/erfahrungen","name":"Erfahrungen - Luka Skywalkerin","isPartOf":{"@id":"https:\/\/lukaskywalkerin.com\/#website"},"datePublished":"2020-05-26T17:55:34+00:00","dateModified":"2020-07-08T11:41:02+00:00","description":"Erfahrungen von Menschen, die Feldenkrais machen.","breadcrumb":{"@id":"https:\/\/lukaskywalkerin.com\/en\/erfahrungen#breadcrumb"},"inLanguage":"en-US","potentialAction":[{"@type":"ReadAction","target":["https:\/\/lukaskywalkerin.com\/en\/erfahrungen"]}]},{"@type":"BreadcrumbList","@id":"https:\/\/lukaskywalkerin.com\/en\/erfahrungen#breadcrumb","itemListElement":[{"@type":"ListItem","position":1,"name":"Startseite","item":"https:\/\/lukaskywalkerin.com\/"},{"@type":"ListItem","position":2,"name":"Erfahrungen"}]},{"@type":"WebSite","@id":"https:\/\/lukaskywalkerin.com\/#website","url":"https:\/\/lukaskywalkerin.com\/","name":"Luka Skywalkerin","description":"Feldenkraislehrerin","publisher":{"@id":"https:\/\/lukaskywalkerin.com\/#\/schema\/person\/7f0106e1e38e545464bea9b79db36334"},"potentialAction":[{"@type":"SearchAction","target":{"@type":"EntryPoint","urlTemplate":"https:\/\/lukaskywalkerin.com\/?s={search_term_string}"},"query-input":{"@type":"PropertyValueSpecification","valueRequired":true,"valueName":"search_term_string"}}],"inLanguage":"en-US"},{"@type":["Person","Organization"],"@id":"https:\/\/lukaskywalkerin.com\/#\/schema\/person\/7f0106e1e38e545464bea9b79db36334","name":"Luka Skywalkerin","image":{"@type":"ImageObject","inLanguage":"en-US","@id":"https:\/\/lukaskywalkerin.com\/wp-content\/uploads\/2020\/06\/LukaSkywalkerin-plus-Feldenkraislogo_3_300px.png","url":"https:\/\/lukaskywalkerin.com\/wp-content\/uploads\/2020\/06\/LukaSkywalkerin-plus-Feldenkraislogo_3_300px.png","contentUrl":"https:\/\/lukaskywalkerin.com\/wp-content\/uploads\/2020\/06\/LukaSkywalkerin-plus-Feldenkraislogo_3_300px.png","width":300,"height":75,"caption":"Luka Skywalkerin"},"logo":{"@id":"https:\/\/lukaskywalkerin.com\/wp-content\/uploads\/2020\/06\/LukaSkywalkerin-plus-Feldenkraislogo_3_300px.png"},"sameAs":["https:\/\/lukaskywalkerin.com"]}]}},"_links":{"self":[{"href":"https:\/\/lukaskywalkerin.com\/en\/wp-json\/wp\/v2\/pages\/983","targetHints":{"allow":["GET"]}}],"collection":[{"href":"https:\/\/lukaskywalkerin.com\/en\/wp-json\/wp\/v2\/pages"}],"about":[{"href":"https:\/\/lukaskywalkerin.com\/en\/wp-json\/wp\/v2\/types\/page"}],"author":[{"embeddable":true,"href":"https:\/\/lukaskywalkerin.com\/en\/wp-json\/wp\/v2\/users\/1"}],"replies":[{"embeddable":true,"href":"https:\/\/lukaskywalkerin.com\/en\/wp-json\/wp\/v2\/comments?post=983"}],"version-history":[{"count":44,"href":"https:\/\/lukaskywalkerin.com\/en\/wp-json\/wp\/v2\/pages\/983\/revisions"}],"predecessor-version":[{"id":1559,"href":"https:\/\/lukaskywalkerin.com\/en\/wp-json\/wp\/v2\/pages\/983\/revisions\/1559"}],"wp:attachment":[{"href":"https:\/\/lukaskywalkerin.com\/en\/wp-json\/wp\/v2\/media?parent=983"}],"curies":[{"name":"wp","href":"https:\/\/api.w.org\/{rel}","templated":true}]}}